{"id":8,"date":"2015-02-21T18:01:03","date_gmt":"2015-02-21T17:01:03","guid":{"rendered":"http:\/\/wvps83-169-12-21.dedicated.hosteurope.de\/igbce\/?page_id=8"},"modified":"2015-02-21T18:01:03","modified_gmt":"2015-02-21T17:01:03","slug":"tarif","status":"publish","type":"page","link":"https:\/\/2020.igbce-ingelheim.de\/?page_id=8","title":{"rendered":"Tarif"},"content":{"rendered":"<p><div id=\"attachment_96\" style=\"width: 310px\" class=\"wp-caption alignright\"><img aria-describedby=\"caption-attachment-96\" loading=\"lazy\" class=\"wp-image-96 size-medium\" src=\"http:\/\/2020.igbce-ingelheim.de\/wp-content\/uploads\/2015\/02\/chemie-tarifrunde-2015-logo-300x169.jpg\" alt=\"Foto: PMinteractive\" width=\"300\" height=\"169\" srcset=\"https:\/\/2020.igbce-ingelheim.de\/wp-content\/uploads\/2015\/02\/chemie-tarifrunde-2015-logo-300x169.jpg 300w, https:\/\/2020.igbce-ingelheim.de\/wp-content\/uploads\/2015\/02\/chemie-tarifrunde-2015-logo.jpg 640w\" sizes=\"(max-width: 300px) 100vw, 300px\" \/><p id=\"caption-attachment-96\" class=\"wp-caption-text\">Foto: PMinteractive<\/p><\/div><br \/>\nTarifpolitik z\u00e4hlt zu den Kernbereichen der gewerkschaftlichen Arbeit. Es geht um Geld und gute Arbeitsbedingungen \u2013 Tarifpolitik ist weit mehr als ein Poker um Prozente.<\/p>\n<p><strong>Die tarifpolitischen Felder im \u00dcberblick:<\/strong><\/p>\n<table>\n<tbody>\n<tr>\n<td>\n<ul>\n<li>Einkommen und Ausbildungsverg\u00fctungen<\/li>\n<\/ul>\n<\/td>\n<td>\n<ul>\n<li>Zulagen bei Nacht, Sonntags- und Feiertagsarbeit<\/li>\n<\/ul>\n<\/td>\n<\/tr>\n<tr>\n<td>\n<ul>\n<li>Erschwerniszulagen, Akkord- und Pr\u00e4mienarbeit<\/li>\n<\/ul>\n<\/td>\n<td>\n<ul>\n<li>Jahressonderzahlungen \/ Weihnachtsgeld<\/li>\n<\/ul>\n<\/td>\n<\/tr>\n<tr>\n<td>\n<ul>\n<li>Urlaub und Urlaubsgeld<\/li>\n<\/ul>\n<\/td>\n<td>\n<ul>\n<li>Verm\u00f6genswirksame Leistungen<\/li>\n<\/ul>\n<\/td>\n<\/tr>\n<tr>\n<td>\n<ul>\n<li>Arbeitszeit<\/li>\n<\/ul>\n<\/td>\n<td>\n<ul>\n<li>Aus- und Weiterbildung<\/li>\n<\/ul>\n<\/td>\n<\/tr>\n<tr>\n<td>\n<ul>\n<li>Flexible \u00dcberg\u00e4nge in den Ruhestand<\/li>\n<\/ul>\n<\/td>\n<td>\n<ul>\n<li>Altersvorsorge<\/li>\n<\/ul>\n<\/td>\n<\/tr>\n<tr>\n<td>\n<ul>\n<li>Freistellungs- und Arbeitsvertragsregelungen<\/li>\n<\/ul>\n<\/td>\n<td>\n<ul>\n<li>Arbeitsschutz<\/li>\n<\/ul>\n<\/td>\n<\/tr>\n<tr>\n<td>\n<ul>\n<li>Betrieblicher Umweltschutz<\/li>\n<\/ul>\n<\/td>\n<\/tr>\n<\/tbody>\n<\/table>\n<p>In vielen Bereichen ist die IG BCE vorangegangen, hat mit ihren Tarifvertr\u00e4gen und Abkommen Ma\u00dfst\u00e4be gesetzt. Dazu z\u00e4hlen in der j\u00fcngeren Vergangenheit beispielsweise der Vertrag \u201eZukunft durch Ausbildung\u201c oder das F\u00f6rderprogramm \u201eStart in den Beruf\u201c f\u00fcr benachteiligte Jugendliche. Mit dem umfassenden Vertragswerk \u201eLebensarbeitszeit und Demografie\u201c hat die IG BCE einen sozialpolitischen Meilenstein gesetzt.<\/p>\n<p>Diese Erfolge haben sich nicht von allein eingestellt. Dahinter steckt eine Menge Arbeit &#8211; und die Kraft einer starken Gewerkschaft. Erfolge h\u00e4ngen nicht allein von guten Argumenten ab. Sondern auch von der Gestaltungs- und Durchsetzungsf\u00e4higkeit einer Gewerkschaft. Das gilt f\u00fcr die Tarifpolitik in besonderem Ma\u00dfe. Es ist eine alte Wahrheit, die sich immer wieder aufs Neue best\u00e4tigt: Je mehr wir sind, desto mehr k\u00f6nnen wir erreichen.<\/p>\n<p>Tarifdatenbank f\u00fcr IG BCE Mitglieder:<\/p>\n<p><a href=\"http:\/\/www.igbce.de\/tarife\/tarifdatenbank\/\">http:\/\/www.igbce.de\/tarife\/tarifdatenbank\/<\/a><\/p>\n","protected":false},"excerpt":{"rendered":"<p>Tarifpolitik z\u00e4hlt zu den Kernbereichen der gewerkschaftlichen Arbeit. Es geht um Geld und gute Arbeitsbedingungen \u2013 Tarifpolitik ist weit mehr als ein Poker um Prozente. Die tarifpolitischen Felder im \u00dcberblick: &#8230; <a class=\"styledbutton\" href=\"https:\/\/2020.igbce-ingelheim.de\/?page_id=8\">Weiterlesen<\/a><\/p>\n","protected":false},"author":1,"featured_media":0,"parent":0,"menu_order":0,"comment_status":"closed","ping_status":"closed","template":"page-tarif.php","meta":[],"_links":{"self":[{"href":"https:\/\/2020.igbce-ingelheim.de\/index.php?rest_route=\/wp\/v2\/pages\/8"}],"collection":[{"href":"https:\/\/2020.igbce-ingelheim.de\/index.php?rest_route=\/wp\/v2\/pages"}],"about":[{"href":"https:\/\/2020.igbce-ingelheim.de\/index.php?rest_route=\/wp\/v2\/types\/page"}],"author":[{"embeddable":true,"href":"https:\/\/2020.igbce-ingelheim.de\/index.php?rest_route=\/wp\/v2\/users\/1"}],"replies":[{"embeddable":true,"href":"https:\/\/2020.igbce-ingelheim.de\/index.php?rest_route=%2Fwp%2Fv2%2Fcomments&post=8"}],"version-history":[{"count":0,"href":"https:\/\/2020.igbce-ingelheim.de\/index.php?rest_route=\/wp\/v2\/pages\/8\/revisions"}],"wp:attachment":[{"href":"https:\/\/2020.igbce-ingelheim.de\/index.php?rest_route=%2Fwp%2Fv2%2Fmedia&parent=8"}],"curies":[{"name":"wp","href":"https:\/\/api.w.org\/{rel}","templated":true}]}}