{"id":64,"date":"2015-03-04T13:21:48","date_gmt":"2015-03-04T12:21:48","guid":{"rendered":"http:\/\/wvps83-169-12-21.dedicated.hosteurope.de\/igbce\/?page_id=64"},"modified":"2015-03-04T13:21:48","modified_gmt":"2015-03-04T12:21:48","slug":"bildung","status":"publish","type":"page","link":"https:\/\/2020.igbce-ingelheim.de\/?page_id=64","title":{"rendered":"Bildung"},"content":{"rendered":"<div id=\"attachment_111\" style=\"width: 310px\" class=\"wp-caption alignright\"><img aria-describedby=\"caption-attachment-111\" loading=\"lazy\" class=\"wp-image-111 size-medium\" src=\"http:\/\/2020.igbce-ingelheim.de\/wp-content\/uploads\/2015\/03\/frauen-300x169.jpg\" alt=\"Foto: Bilderfilm.de\" width=\"300\" height=\"169\" srcset=\"https:\/\/2020.igbce-ingelheim.de\/wp-content\/uploads\/2015\/03\/frauen-300x169.jpg 300w, https:\/\/2020.igbce-ingelheim.de\/wp-content\/uploads\/2015\/03\/frauen.jpg 640w\" sizes=\"(max-width: 300px) 100vw, 300px\" \/><p id=\"caption-attachment-111\" class=\"wp-caption-text\">Foto: Bilderfilm.de<\/p><\/div>\n<p>Jedes Jahr legt die IG BCE und der IG BCE Bezirk Mainz ein umfangreiches Bildungsprogramm vor. Wie immer ein Mix aus bew\u00e4hrten Seminaren, die auch weiterhin eine hohe Nachfrage haben und ausgew\u00e4hlten neuen Angeboten. Bildung ist und bleibt f\u00fcr uns eine der wesentlichen Ebenen, gewerkschaftliche Ideen und Werte mit dem Alltag der Kolleginnen und Kollegen zu verbinden. Dass uns diese Br\u00fccke gelingt, zeigen die Teilnehmerzahlen der letzten Jahre.<\/p>\n<p>Alle Seminare sind f\u00fcr Gewerkschaftsmitglieder kostenfrei.<\/p>\n<p>In der Regel finden die Seminare f\u00fcr Mitglieder am Wochenende statt, sodass kein Urlaub genommen werden muss. Einige Seminare finden auf Basis des Bildungsfreistellungsgesetzes von Rheinland-Pfalz statt. Hier hat man die M\u00f6glichkeit Bildungsurlaub einzureichen. In Rheinland-Pfalz haben Arbeitnehmerinnen und Arbeitnehmer einen gesetzlichen Anspruch von 5 Tagen \/ Jahr und Auszubildende von 5 Tagen \/ Ausbildungsjahr. In den Seminarausschreibungen wird darauf nochmal gesondert hingewiesen.<\/p>\n<p>Sollten es Fragen zu den Seminaren geben, gibt es mehrere M\u00f6glichkeiten diese beantwortet zu bekommen. Ansprechpartner sind hier die <a title=\"Vertrauensleute\" href=\"http:\/\/wvps83-169-12-21.dedicated.hosteurope.de\/igbce\/?page_id=10\">Vertrauensleute<\/a> oder <a title=\"Betriebsratsfraktion\" href=\"http:\/\/wvps83-169-12-21.dedicated.hosteurope.de\/igbce\/?page_id=44\">IG BCE \u2013 Betriebsr\u00e4te<\/a> im Betrieb, die Mitarbeiterinnen und Mitarbeiter im I<a href=\"http:\/\/mainz.igbce.de\/bezirk-mainz\/ansprechpartner\/\">G BCE Bezirk Mainz<\/a>, oder ihr nutzt unser <a title=\"Kontakt\" href=\"http:\/\/wvps83-169-12-21.dedicated.hosteurope.de\/igbce\/?page_id=104\">Kontaktformular<\/a>.<\/p>\n","protected":false},"excerpt":{"rendered":"<p>Jedes Jahr legt die IG BCE und der IG BCE Bezirk Mainz ein umfangreiches Bildungsprogramm vor. Wie immer ein Mix aus bew\u00e4hrten Seminaren, die auch weiterhin eine hohe Nachfrage haben &#8230; <a class=\"styledbutton\" href=\"https:\/\/2020.igbce-ingelheim.de\/?page_id=64\">Weiterlesen<\/a><\/p>\n","protected":false},"author":1,"featured_media":111,"parent":0,"menu_order":0,"comment_status":"closed","ping_status":"closed","template":"page-subcategory-bildung.php","meta":[],"_links":{"self":[{"href":"https:\/\/2020.igbce-ingelheim.de\/index.php?rest_route=\/wp\/v2\/pages\/64"}],"collection":[{"href":"https:\/\/2020.igbce-ingelheim.de\/index.php?rest_route=\/wp\/v2\/pages"}],"about":[{"href":"https:\/\/2020.igbce-ingelheim.de\/index.php?rest_route=\/wp\/v2\/types\/page"}],"author":[{"embeddable":true,"href":"https:\/\/2020.igbce-ingelheim.de\/index.php?rest_route=\/wp\/v2\/users\/1"}],"replies":[{"embeddable":true,"href":"https:\/\/2020.igbce-ingelheim.de\/index.php?rest_route=%2Fwp%2Fv2%2Fcomments&post=64"}],"version-history":[{"count":0,"href":"https:\/\/2020.igbce-ingelheim.de\/index.php?rest_route=\/wp\/v2\/pages\/64\/revisions"}],"wp:featuredmedia":[{"embeddable":true,"href":"https:\/\/2020.igbce-ingelheim.de\/index.php?rest_route=\/wp\/v2\/media\/111"}],"wp:attachment":[{"href":"https:\/\/2020.igbce-ingelheim.de\/index.php?rest_route=%2Fwp%2Fv2%2Fmedia&parent=64"}],"curies":[{"name":"wp","href":"https:\/\/api.w.org\/{rel}","templated":true}]}}