{"id":46,"date":"2015-03-03T16:31:14","date_gmt":"2015-03-03T15:31:14","guid":{"rendered":"http:\/\/wvps83-169-12-21.dedicated.hosteurope.de\/igbce\/?page_id=46"},"modified":"2015-03-03T16:31:14","modified_gmt":"2015-03-03T15:31:14","slug":"jugend","status":"publish","type":"page","link":"https:\/\/2020.igbce-ingelheim.de\/?page_id=46","title":{"rendered":"Jugend"},"content":{"rendered":"<p>Die IG BCE Jugend bei Boehringer Ingelheim setzt sich aus engagierten Azubis und jungen Mitarbeitern zusammen. In enger Zusammenarbeit mit den Jugend Vertrauensleuten bietet die IG BCE Jugend die Plattformen um sich betriebs\u00fcbergreifend aus zu tauschen und politisch zu engagieren. Auf den regelm\u00e4\u00dfigen JAV-Stammtischen und Bezirksjugendausschuss-Sitzungen werden aber nicht nur hei\u00dfe Debatten zu aktuellen politischen Schwerpunkten gef\u00fchrt. Auch die Aktions- und Seminarplanung sind wichtige Themen, die in den Gremien erarbeitet und beschlossen werden. Durch das hohe Engagement in den verschiedenen Gremien der IG BCE Jugend sind die jungen Besch\u00e4ftigten von Boehringer Ingelheim in ganz Deutschland vertreten.<\/p>\n\n<p>Ein politisches Highlight der IG BCE Jugend sind die Bundesjugendkonferenzen.\u00a0Jugendliche aus ganz Deutschland besch\u00e4ftigen sich dort mit zahlreichen Antr\u00e4gen, kontroversen Diskussionen und Debatten bis zur letzten Sekunde. Hier wird nicht nur die politische Ausrichtung der IG BCE Jugend beschlossen und zu Papier gebracht auch die Wahl des Bundesjugendausschusses steht dort auf der Tagesordnung. Diese Konferenzen finden alle vier Jahre statt.<\/p>\n<p>Politik ist alles andere als langweilig! Das zeigt die Jugend der IG BCE bei jeder Gelegenheit. Sei es auf den Konferenzen, auf dem Jugendforum in Kagel oder auf Veranstaltungen wie zum Beispiel dem Landesbezirksjugendtreffen und dem Bundesjugendtreffen. Auf diesen zentralen Gro\u00dfveranstaltungen der IG BCE Jugend werden politische Schwerpunktthemen aufgegriffen, diskutiert und durch spannende Aktionen attraktiv gestaltet.<\/p>\n<p><em>\u00a0<\/em><\/p>\n","protected":false},"excerpt":{"rendered":"<p>Die IG BCE Jugend bei Boehringer Ingelheim setzt sich aus engagierten Azubis und jungen Mitarbeitern zusammen. In enger Zusammenarbeit mit den Jugend Vertrauensleuten bietet die IG BCE Jugend die Plattformen &#8230; <a class=\"styledbutton\" href=\"https:\/\/2020.igbce-ingelheim.de\/?page_id=46\">Weiterlesen<\/a><\/p>\n","protected":false},"author":1,"featured_media":131,"parent":6,"menu_order":0,"comment_status":"closed","ping_status":"closed","template":"page-jugend.php","meta":[],"_links":{"self":[{"href":"https:\/\/2020.igbce-ingelheim.de\/index.php?rest_route=\/wp\/v2\/pages\/46"}],"collection":[{"href":"https:\/\/2020.igbce-ingelheim.de\/index.php?rest_route=\/wp\/v2\/pages"}],"about":[{"href":"https:\/\/2020.igbce-ingelheim.de\/index.php?rest_route=\/wp\/v2\/types\/page"}],"author":[{"embeddable":true,"href":"https:\/\/2020.igbce-ingelheim.de\/index.php?rest_route=\/wp\/v2\/users\/1"}],"replies":[{"embeddable":true,"href":"https:\/\/2020.igbce-ingelheim.de\/index.php?rest_route=%2Fwp%2Fv2%2Fcomments&post=46"}],"version-history":[{"count":0,"href":"https:\/\/2020.igbce-ingelheim.de\/index.php?rest_route=\/wp\/v2\/pages\/46\/revisions"}],"up":[{"embeddable":true,"href":"https:\/\/2020.igbce-ingelheim.de\/index.php?rest_route=\/wp\/v2\/pages\/6"}],"wp:featuredmedia":[{"embeddable":true,"href":"https:\/\/2020.igbce-ingelheim.de\/index.php?rest_route=\/wp\/v2\/media\/131"}],"wp:attachment":[{"href":"https:\/\/2020.igbce-ingelheim.de\/index.php?rest_route=%2Fwp%2Fv2%2Fmedia&parent=46"}],"curies":[{"name":"wp","href":"https:\/\/api.w.org\/{rel}","templated":true}]}}